{"id":747,"date":"2020-02-24T10:11:31","date_gmt":"2020-02-24T09:11:31","guid":{"rendered":"https:\/\/www.gresangas.com\/?page_id=747"},"modified":"2020-02-24T10:52:40","modified_gmt":"2020-02-24T09:52:40","slug":"politica-de-cookies","status":"publish","type":"page","link":"https:\/\/gresangas.com\/es\/politica-de-cookies\/","title":{"rendered":"POL\u00cdTICA DE COOKIES"},"content":{"rendered":"<p>[vc_row css_animation=&#8221;&#8221; row_type=&#8221;row&#8221; use_row_as_full_screen_section=&#8221;no&#8221; type=&#8221;full_width&#8221; angled_section=&#8221;no&#8221; text_align=&#8221;left&#8221; background_image_as_pattern=&#8221;without_pattern&#8221;][vc_column][vc_empty_space][vc_column_text]GRESANGAS S.L., a trav\u00e9s del presente documento, recoge su Pol\u00edtica de recogida y tratamiento de cookies, en cumplimiento de lo dispuesto en el art\u00edculo 22.2 de la Ley 34\/2002, de 11 de julio, de Servicios de la Sociedad de la Informaci\u00f3n y de Comercio Electr\u00f3nico (LSSICE).<\/p>\n<p>Las cookies se almacenan en el equipo terminal del usuario (ordenador o dispositivo m\u00f3vil) y recopilan informaci\u00f3n al visitar la p\u00e1gina web\u00a0<a href=\"https:\/\/gresangas.com\">https:\/\/gresangas.com<\/a>, con el fin de mejorar la usabilidad de las mismas, conocer los h\u00e1bitos o necesidades de navegaci\u00f3n de los usuarios para poder adaptarse a los mismos, as\u00ed como obtener informaci\u00f3n con fines estad\u00edsticos.<\/p>\n<p>En el caso de aquellos usuarios que ya sean clientes de GRESANGAS S.L. (GRESANGAS), la informaci\u00f3n recabada con las cookies servir\u00e1 tambi\u00e9n para su identificaci\u00f3n en acceder a las diferentes herramientas que GRESANGAS S.L. pone a su disposici\u00f3n para la gesti\u00f3n de los servicios.<\/p>\n<p>La presente Pol\u00edtica de Cookies ser\u00e1 aplicable a aquellos usuarios que voluntariamente visitan las p\u00e1ginas web de GRESANGAS S.L., rellenen formularios de recogida de datos, acceden a las herramientas que GRESANGAS S.L. pone a disposici\u00f3n de sus clientes para gestionar sus servicios, o utilizan cualquier otro servicio presente en el sitio web que implique la comunicaci\u00f3n de datos a GRESANGAS S.L., o el acceso a datos para GRESANGAS S.L., para la prestaci\u00f3n de sus servicios.<\/p>\n<p>GRESANGAS S.L. (GRESANGAS) informa a los usuarios de sus p\u00e1ginas web, de la existencia de cookies y pone a su disposici\u00f3n la presente Pol\u00edtica con el fin de informarles sobre el uso y del objeto de las mismas. El hecho de continuar la navegaci\u00f3n a trav\u00e9s de sus p\u00e1ginas, supone el conocimiento y la aceptaci\u00f3n de la presente Pol\u00edtica por parte de los usuarios.<\/p>\n<p>GRESANGAS S.L. utiliza los siguientes tipos de cookies:<\/p>\n<h4><span style=\"color: #000000;\">Clasificadas por su titularidad:<\/span><\/h4>\n<ul>\n<li><strong>Cookies propias<\/strong>: enviadas y gestionadas directamente por GRESANGAS S.L..<\/li>\n<li><strong>Cookies de terceros<\/strong>: enviadas y gestionadas por un tercero ajeno a GRESANGAS S.L., de forma an\u00f3nima, con el fin de realizar estudios estad\u00edsticos de navegaci\u00f3n por las p\u00e1ginas web de GRESANGAS S.L.<\/li>\n<\/ul>\n<h4><span style=\"color: #000000;\">Clasificadas por su finalidad:<\/span><\/h4>\n<ul>\n<li><strong>Cookies t\u00e9cnicas y\/o de personalizaci\u00f3n<\/strong>: facilitan la navegaci\u00f3n, al identificar la sesi\u00f3n, permitir el acceso a herramientas de acceso restringido, adem\u00e1s de configurar a medida las opciones disponibles. Posibilitan la prestaci\u00f3n del servicio solicitado previamente por el usuario.<\/li>\n<li><strong>Cookies de an\u00e1lisis y\/o publicidad<\/strong>: permiten conocer el n\u00famero de visitas recibidas en las diferentes secciones de las p\u00e1ginas web, los h\u00e1bitos y tendencias de sus usuarios y en consecuencia, poder mejorar la navegaci\u00f3n y el servicio ofrecido por GRESANGAS S.L. (fundamentalmente, Google Analytics), as\u00ed como gestionar los espacios publicitarios incluidos en la p\u00e1gina web visitada por el usuario. Recopila datos de forma an\u00f3nima con el fin de obtener perfiles de navegaci\u00f3n de los usuarios.<\/li>\n<\/ul>\n<h4><span style=\"color: #000000;\">Clasificadas por su duraci\u00f3n:<\/span><\/h4>\n<ul>\n<li><strong>Cookies de sesi\u00f3n<\/strong>: recaudan y almacenan los datos mientras el usuario accede a la p\u00e1gina web.<\/li>\n<li><strong>Cookies persistentes<\/strong>: recaudan y almacenan los datos en el terminal del usuario durante un per\u00edodo<\/li>\n<\/ul>\n<p>El tiempo de conservaci\u00f3n de las cookies depender\u00e1 del tipo de que se trate y siempre ser\u00e1 el m\u00ednimo indispensable para cumplir su finalidad. En cualquier caso, los usuarios pueden configurar su navegador, por lo que se deshabilite o bloquee la recepci\u00f3n de todas o algunas de las cookies. El hecho de no desear recibir estas cookies, no constituye un impedimento para poder acceder a la informaci\u00f3n de los sitios web de GRESANGAS S.L. aunque el uso de algunos servicios podr\u00e1 ser limitado. Si una vez otorgado el consentimiento para la recepci\u00f3n de cookies, se deseara retirar este, deber\u00e1n eliminarse aquellas almacenadas en el equipo del usuario, a trav\u00e9s de las opciones de los diferentes navegadores. La forma de configurar los diferentes navegadores para ejercitar las acciones se\u00f1aladas en los p\u00e1rrafos anteriores, se puede consultar en:<\/p>\n<ul>\n<li>Explorer:\u00a0<a href=\"http:\/\/windows.microsoft.com\/es-es\/windows7\/how-to-manage-cookies-in-internet-explorer-9\" target=\"_blank\" rel=\"noopener noreferrer\">http:\/\/windows.microsoft.com\/es-es\/windows7\/how-to-manage-cookies-in-internet-explorer-9<\/a><\/li>\n<li>Chrome:\u00a0<a href=\"https:\/\/support.google.com\/chrome\/answer\/95647?hl=es\" target=\"_blank\" rel=\"noopener noreferrer\">https:\/\/support.google.com\/chrome\/answer\/95647?hl=es<\/a><\/li>\n<li>Firefox:\u00a0<a href=\"http:\/\/support.mozilla.org\/es\/kb\/cookies-informacion-que-los-sitihueso-web-guardan-en-?Redirectlocale=en-us&amp;redirectslug=cookies\" target=\"_blank\" rel=\"noopener noreferrer\">http:\/\/support.mozilla.org\/es\/kb\/cookies-informacion-que-los-sitihueso-web-guardan-en-?Redirectlocale=en-us&amp;redirectslug=cookies<\/a><\/li>\n<\/ul>\n<p>[\/vc_column_text][vc_empty_space height=&#8221;50px&#8221;][\/vc_column][\/vc_row]<\/p>","protected":false},"excerpt":{"rendered":"<p>[vc_row css_animation=&#8221;&#8221; row_type=&#8221;row&#8221; use_row_as_full_screen_section=&#8221;no&#8221; type=&#8221;full_width&#8221; angled_section=&#8221;no&#8221; text_align=&#8221;left&#8221; background_image_as_pattern=&#8221;without_pattern&#8221;][vc_column][vc_empty_space][vc_column_text]GRESANGAS S.L., a trav\u00e9s del presente documento, recoge su Pol\u00edtica de recogida y tratamiento de cookies, en cumplimiento de lo dispuesto en el art\u00edculo 22.2 de la Ley 34\/2002, de 11 de julio, de Servicios de la Sociedad&#8230;<\/p>\n","protected":false},"author":1,"featured_media":0,"parent":0,"menu_order":0,"comment_status":"closed","ping_status":"closed","template":"","meta":[],"_links":{"self":[{"href":"https:\/\/gresangas.com\/es\/wp-json\/wp\/v2\/pages\/747"}],"collection":[{"href":"https:\/\/gresangas.com\/es\/wp-json\/wp\/v2\/pages"}],"about":[{"href":"https:\/\/gresangas.com\/es\/wp-json\/wp\/v2\/types\/page"}],"author":[{"embeddable":true,"href":"https:\/\/gresangas.com\/es\/wp-json\/wp\/v2\/users\/1"}],"replies":[{"embeddable":true,"href":"https:\/\/gresangas.com\/es\/wp-json\/wp\/v2\/comments?post=747"}],"version-history":[{"count":3,"href":"https:\/\/gresangas.com\/es\/wp-json\/wp\/v2\/pages\/747\/revisions"}],"predecessor-version":[{"id":756,"href":"https:\/\/gresangas.com\/es\/wp-json\/wp\/v2\/pages\/747\/revisions\/756"}],"wp:attachment":[{"href":"https:\/\/gresangas.com\/es\/wp-json\/wp\/v2\/media?parent=747"}],"curies":[{"name":"wp","href":"https:\/\/api.w.org\/{rel}","templated":true}]}}