{"id":745,"date":"2020-02-24T10:11:02","date_gmt":"2020-02-24T09:11:02","guid":{"rendered":"https:\/\/www.gresangas.com\/?page_id=745"},"modified":"2020-02-24T10:51:46","modified_gmt":"2020-02-24T09:51:46","slug":"aviso-legal","status":"publish","type":"page","link":"https:\/\/gresangas.com\/es\/aviso-legal\/","title":{"rendered":"AVISO LEGAL"},"content":{"rendered":"<p>[vc_row css_animation=&#8221;&#8221; row_type=&#8221;row&#8221; use_row_as_full_screen_section=&#8221;no&#8221; type=&#8221;full_width&#8221; angled_section=&#8221;no&#8221; text_align=&#8221;left&#8221; background_image_as_pattern=&#8221;without_pattern&#8221;][vc_column][vc_empty_space][vc_column_text]En cumplimiento del art\u00edculo 10 de la Ley 34\/2002, de 11 de julio, de Servicios de la Sociedad de la Informaci\u00f3n y Comercio Electr\u00f3nico (LSSICE) a continuaci\u00f3n se detallan los datos identificativos de la empresa:<\/p>\n<ul>\n<li><strong>Nombre de la empresa<\/strong>: GRESANGAS S.L. (GRESANGAS)<\/li>\n<li><strong>CIF<\/strong>: B25072240<\/li>\n<li><strong>Direcci\u00f3n<\/strong>: C\/Valls d\u2019Andorra, 57-59, baixos \u2013 25005 LLEIDA (LLEIDA)<\/li>\n<li><strong>Tel\u00e9fono<\/strong>: 973230052<\/li>\n<li><strong>Correo<\/strong>: <span class=\"oe_textdirection\">&#x74;&#x65;&#x6e;&#x2e;&#x6b;&#x6f;&#x6f;&#x62;&#x72;&#x65;&#x74;&#x6e;&#x69;<span class=\"oe_displaynone\">null<\/span>&#x40;&#x73;&#x61;&#x67;&#x6e;&#x61;&#x73;&#x65;&#x72;&#x67;<\/span><\/li>\n<\/ul>\n<h4><span style=\"color: #000000;\">FINALIDAD DEL SITIO WEB<\/span><\/h4>\n<p>Descripci\u00f3n de los servicios prestados por la empresa GRESANGAS S.L.<\/p>\n<p>El presente aviso legal (en adelante, \u201cAviso Legal\u201d) regula el uso del sitio web: https:\/\/gresangas.com\/<\/p>\n<h4><span style=\"color: #000000;\">LEGISLACI\u00d3N<\/span><\/h4>\n<p>Con car\u00e1cter general las relaciones entre B25072240 (GRESANGAS) con los Usuarios de sus servicios telem\u00e1ticos, presentes en este sitio web, se encuentran sometidas a la legislaci\u00f3n y jurisdicci\u00f3n espa\u00f1olas.<\/p>\n<h4><span style=\"color: #000000;\">USO Y ACCESO DE USUARIOS<\/span><\/h4>\n<p>El Usuario queda informado, y acepta, que el acceso a la presente web no supone, en modo alguno, el inicio de una relaci\u00f3n comercial con GRESANGAS S.L.(GRESANGAS) o cualquiera de sus delegaciones.<\/p>\n<h4><span style=\"color: #000000;\">PROPIEDAD INTELECTUAL E INDUSTRIAL<\/span><\/h4>\n<p>Los derechos de propiedad intelectual del contenido de las p\u00e1ginas web, su dise\u00f1o gr\u00e1fico y c\u00f3digos son titularidad de GRESANGAS S.L. (GRESANGAS) y, por tanto, queda prohibida su reproducci\u00f3n, distribuci\u00f3n, comunicaci\u00f3n p\u00fablica, transformaci\u00f3n o cualquier otra actividad que se pueda realizar con los contenidos de sus p\u00e1ginas web ni citando las fuentes, salvo con el consentimiento por escrito de GRESANGAS S.L.<\/p>\n<h4><span style=\"color: #000000;\">CONTENIDO DE LA WEB Y ENLACES (LINKS)<\/span><\/h4>\n<p>GRESANGAS S.L. se reserva el derecho a actualizar, modificar o eliminar la informaci\u00f3n contenida en sus p\u00e1ginas web pudiendo incluso limitar o no permitir el acceso a dicha informaci\u00f3n a ciertos usuarios[\/vc_column_text][vc_empty_space height=&#8221;50px&#8221;][\/vc_column][\/vc_row]<\/p>","protected":false},"excerpt":{"rendered":"<p>[vc_row css_animation=&#8221;&#8221; row_type=&#8221;row&#8221; use_row_as_full_screen_section=&#8221;no&#8221; type=&#8221;full_width&#8221; angled_section=&#8221;no&#8221; text_align=&#8221;left&#8221; background_image_as_pattern=&#8221;without_pattern&#8221;][vc_column][vc_empty_space][vc_column_text]En cumplimiento del art\u00edculo 10 de la Ley 34\/2002, de 11 de julio, de Servicios de la Sociedad de la Informaci\u00f3n y Comercio Electr\u00f3nico (LSSICE) a continuaci\u00f3n se detallan los datos identificativos de la empresa: Nombre de la&#8230;<\/p>\n","protected":false},"author":1,"featured_media":0,"parent":0,"menu_order":0,"comment_status":"closed","ping_status":"closed","template":"","meta":[],"_links":{"self":[{"href":"https:\/\/gresangas.com\/es\/wp-json\/wp\/v2\/pages\/745"}],"collection":[{"href":"https:\/\/gresangas.com\/es\/wp-json\/wp\/v2\/pages"}],"about":[{"href":"https:\/\/gresangas.com\/es\/wp-json\/wp\/v2\/types\/page"}],"author":[{"embeddable":true,"href":"https:\/\/gresangas.com\/es\/wp-json\/wp\/v2\/users\/1"}],"replies":[{"embeddable":true,"href":"https:\/\/gresangas.com\/es\/wp-json\/wp\/v2\/comments?post=745"}],"version-history":[{"count":4,"href":"https:\/\/gresangas.com\/es\/wp-json\/wp\/v2\/pages\/745\/revisions"}],"predecessor-version":[{"id":754,"href":"https:\/\/gresangas.com\/es\/wp-json\/wp\/v2\/pages\/745\/revisions\/754"}],"wp:attachment":[{"href":"https:\/\/gresangas.com\/es\/wp-json\/wp\/v2\/media?parent=745"}],"curies":[{"name":"wp","href":"https:\/\/api.w.org\/{rel}","templated":true}]}}