{"id":452,"date":"2020-02-18T11:55:46","date_gmt":"2020-02-18T10:55:46","guid":{"rendered":"https:\/\/www.gresangas.com\/?page_id=452"},"modified":"2020-04-09T12:06:56","modified_gmt":"2020-04-09T10:06:56","slug":"aerotermia","status":"publish","type":"page","link":"https:\/\/gresangas.com\/es\/aerotermia\/","title":{"rendered":"AEROTERMIA"},"content":{"rendered":"<p>[vc_row css_animation=&#8221;&#8221; row_type=&#8221;row&#8221; use_row_as_full_screen_section=&#8221;no&#8221; type=&#8221;grid&#8221; angled_section=&#8221;no&#8221; text_align=&#8221;left&#8221; background_image_as_pattern=&#8221;without_pattern&#8221; z_index=&#8221;&#8221;][vc_column css_animation=&#8221;fadeIn&#8221;][vc_empty_space][vc_column_text]<\/p>\n<h2 style=\"text-align: center;\">Trabajamos con la tecnolog\u00eda m\u00e1s limpia y eficiente<\/h2>\n<p>[\/vc_column_text][\/vc_column][\/vc_row][vc_row css_animation=&#8221;element_from_fade&#8221; row_type=&#8221;row&#8221; use_row_as_full_screen_section=&#8221;no&#8221; type=&#8221;grid&#8221; angled_section=&#8221;no&#8221; text_align=&#8221;left&#8221; background_image_as_pattern=&#8221;without_pattern&#8221; css=&#8221;.vc_custom_1584518076507{margin-top: 5% !important;margin-bottom: 5% !important;}&#8221; z_index=&#8221;&#8221;][vc_column css_animation=&#8221;fadeInLeft&#8221; offset=&#8221;vc_col-lg-offset-0 vc_col-lg-6 vc_col-md-offset-0 vc_col-md-6 vc_col-sm-offset-0 vc_col-xs-12&#8243;][vc_single_image image=&#8221;699&#8243; img_size=&#8221;full&#8221; qode_css_animation=&#8221;&#8221;][\/vc_column][vc_column css_animation=&#8221;fadeInDown&#8221; offset=&#8221;vc_col-lg-offset-0 vc_col-lg-6 vc_col-md-offset-0 vc_col-md-6 vc_col-sm-offset-0 vc_col-xs-12&#8243;][vc_empty_space][vc_column_text]<\/p>\n<h1>Instalaciones de <span style=\"color: #ff0000;\">Aerotermia<\/span><\/h1>\n<p>[\/vc_column_text][vc_empty_space][vc_column_text]En GRESANGAS nos unimos a la nueva corriente &#8220;<strong>BE GREEN BE SMART<\/strong>&#8220;. Con nuestras instalaciones de aerotermia alcanzamos las m\u00e1s altas cuotas de eficiencia energ\u00e9tica para nuestras climatizaciones.<\/p>\n<p>&nbsp;<\/p>\n<p>D\u00e9 un paso m\u00e1s y opte por la opci\u00f3n m\u00e1s ecol\u00f3gica.<\/p>\n<p>&nbsp;<\/p>\n<p>Solicite su presupuesto y entre en el futuro de la climatizaci\u00f3n.[\/vc_column_text][vc_empty_space height=&#8221;40px&#8221;]<a  itemprop=\"url\" href=\"https:\/\/gresangas.com\/?page_id=227&amp;lang=es\" target=\"_self\"  class=\"qbutton  default\" style=\"\">Contacta<\/a>[\/vc_column][\/vc_row][vc_row css_animation=&#8221;element_from_right&#8221; row_type=&#8221;row&#8221; use_row_as_full_screen_section=&#8221;no&#8221; type=&#8221;full_width&#8221; angled_section=&#8221;no&#8221; text_align=&#8221;center&#8221; background_image_as_pattern=&#8221;without_pattern&#8221; z_index=&#8221;&#8221; css=&#8221;.vc_custom_1582720822854{margin-right: 5% !important;margin-left: 5% !important;border-top-width: 5% !important;border-right-width: 5% !important;border-bottom-width: 5% !important;border-left-width: 5% !important;padding-top: 5% !important;padding-right: 5% !important;padding-bottom: 5% !important;padding-left: 5% !important;background-color: #f0f0f0 !important;}&#8221;][vc_column css_animation=&#8221;fadeInDown&#8221;][vc_column_text]<\/p>\n<p style=\"text-align: center;\">Con los sistemas de aerotermia \u00a1ahorrar\u00e1s dinero y cuidar\u00e1s el medio ambiente!<\/p>\n<p>&nbsp;<\/p>\n<p style=\"text-align: center;\">Por cada kW\/h d electricidad que se consume con este tipo de equipos se pueden generar 4\u00a0o 5 kW\/h t\u00e9rmicos. Es decir, presentan un alto nivel de eficiencia energ\u00e9tica y rendimiento.<\/p>\n<p>&nbsp;<\/p>\n<p style=\"text-align: center;\">Adem\u00e1s, no se generan residuos ni humos, y no utilizan combustibles f\u00f3siles. Obtiene la mayor parte de la energ\u00eda del aire (en torno al 70%) y solo una peque\u00f1a fracci\u00f3n de la electricidad.<\/p>\n<p>[\/vc_column_text][\/vc_column][\/vc_row][vc_row css_animation=&#8221;&#8221; row_type=&#8221;row&#8221; use_row_as_full_screen_section=&#8221;no&#8221; type=&#8221;full_width&#8221; angled_section=&#8221;no&#8221; text_align=&#8221;center&#8221; background_image_as_pattern=&#8221;without_pattern&#8221; z_index=&#8221;&#8221;][vc_column][vc_empty_space][\/vc_column][\/vc_row]<\/p>","protected":false},"excerpt":{"rendered":"<p>[vc_row css_animation=&#8221;&#8221; row_type=&#8221;row&#8221; use_row_as_full_screen_section=&#8221;no&#8221; type=&#8221;grid&#8221; angled_section=&#8221;no&#8221; text_align=&#8221;left&#8221; background_image_as_pattern=&#8221;without_pattern&#8221; z_index=&#8221;&#8221;][vc_column css_animation=&#8221;fadeIn&#8221;][vc_empty_space][vc_column_text] Trabajamos con la tecnolog\u00eda m\u00e1s limpia y eficiente [\/vc_column_text][\/vc_column][\/vc_row][vc_row css_animation=&#8221;element_from_fade&#8221; row_type=&#8221;row&#8221; use_row_as_full_screen_section=&#8221;no&#8221; type=&#8221;grid&#8221; angled_section=&#8221;no&#8221; text_align=&#8221;left&#8221; background_image_as_pattern=&#8221;without_pattern&#8221; css=&#8221;.vc_custom_1584518076507{margin-top: 5% !important;margin-bottom: 5% !important;}&#8221; z_index=&#8221;&#8221;][vc_column css_animation=&#8221;fadeInLeft&#8221; offset=&#8221;vc_col-lg-offset-0 vc_col-lg-6 vc_col-md-offset-0 vc_col-md-6 vc_col-sm-offset-0 vc_col-xs-12&#8243;][vc_single_image image=&#8221;699&#8243; img_size=&#8221;full&#8221; qode_css_animation=&#8221;&#8221;][\/vc_column][vc_column css_animation=&#8221;fadeInDown&#8221; offset=&#8221;vc_col-lg-offset-0 vc_col-lg-6&#8230;<\/p>\n","protected":false},"author":1,"featured_media":0,"parent":0,"menu_order":0,"comment_status":"closed","ping_status":"closed","template":"full_width.php","meta":[],"_links":{"self":[{"href":"https:\/\/gresangas.com\/es\/wp-json\/wp\/v2\/pages\/452"}],"collection":[{"href":"https:\/\/gresangas.com\/es\/wp-json\/wp\/v2\/pages"}],"about":[{"href":"https:\/\/gresangas.com\/es\/wp-json\/wp\/v2\/types\/page"}],"author":[{"embeddable":true,"href":"https:\/\/gresangas.com\/es\/wp-json\/wp\/v2\/users\/1"}],"replies":[{"embeddable":true,"href":"https:\/\/gresangas.com\/es\/wp-json\/wp\/v2\/comments?post=452"}],"version-history":[{"count":25,"href":"https:\/\/gresangas.com\/es\/wp-json\/wp\/v2\/pages\/452\/revisions"}],"predecessor-version":[{"id":1234,"href":"https:\/\/gresangas.com\/es\/wp-json\/wp\/v2\/pages\/452\/revisions\/1234"}],"wp:attachment":[{"href":"https:\/\/gresangas.com\/es\/wp-json\/wp\/v2\/media?parent=452"}],"curies":[{"name":"wp","href":"https:\/\/api.w.org\/{rel}","templated":true}]}}