{"id":451,"date":"2020-02-18T11:55:45","date_gmt":"2020-02-18T10:55:45","guid":{"rendered":"https:\/\/www.gresangas.com\/?page_id=451"},"modified":"2020-04-24T12:36:35","modified_gmt":"2020-04-24T10:36:35","slug":"deposits-de-glp","status":"publish","type":"page","link":"https:\/\/gresangas.com\/es\/deposits-de-glp\/","title":{"rendered":"DEP\u00d3SITOS DE GLP"},"content":{"rendered":"<p>[vc_row css_animation=&#8221;&#8221; row_type=&#8221;row&#8221; use_row_as_full_screen_section=&#8221;no&#8221; type=&#8221;grid&#8221; angled_section=&#8221;no&#8221; text_align=&#8221;left&#8221; background_image_as_pattern=&#8221;without_pattern&#8221; z_index=&#8221;&#8221;][vc_column css_animation=&#8221;fadeIn&#8221;][vc_empty_space][vc_column_text]<\/p>\n<h2 style=\"text-align: center;\">Realizamos la instalaci\u00f3n y legalizaci\u00f3n completa de dep\u00f3sitos de gas GLP, y su posterior conexi\u00f3n a su circuito hidr\u00e1ulico.<\/h2>\n<p>[\/vc_column_text][\/vc_column][\/vc_row][vc_row css_animation=&#8221;element_from_fade&#8221; row_type=&#8221;row&#8221; use_row_as_full_screen_section=&#8221;no&#8221; type=&#8221;grid&#8221; angled_section=&#8221;no&#8221; text_align=&#8221;left&#8221; background_image_as_pattern=&#8221;without_pattern&#8221; css=&#8221;.vc_custom_1584517464346{margin-top: 5% !important;margin-bottom: 5% !important;border-top-width: 5% !important;border-bottom-width: 5% !important;padding-top: 5% !important;padding-bottom: 5% !important;background-color: #f0f0f0 !important;}&#8221; z_index=&#8221;&#8221;][vc_column css_animation=&#8221;fadeInDown&#8221; offset=&#8221;vc_col-lg-offset-0 vc_col-lg-6 vc_col-md-offset-0 vc_col-md-6 vc_col-sm-offset-0 vc_col-xs-12&#8243;][vc_column_text]<\/p>\n<h1><strong>Le ayudaremos con sus<\/strong><span style=\"color: #ff0000;\"><strong> dep\u00f3sitos de GLP<\/strong><\/span><\/h1>\n<p>[\/vc_column_text][vc_empty_space][vc_column_text]\u00bfNo llega la red de gas hasta su finca? \u00bfEst\u00e1 cansado de cargar le\u00f1a, pellet o similar? \u00bfTiene una industria y necesita acceder a una gran demanda de suministro de energ\u00eda?<\/p>\n<p>&nbsp;<\/p>\n<p>\u00bfSu opci\u00f3n elegida es el gas y no sabe c\u00f3mo conseguirlo? \u00a1Se lo solucionamos!<\/p>\n<p>&nbsp;<\/p>\n<p>\u00a1No lo dude! Deje de cargar le\u00f1a o sufrir los olores del gasoil y p\u00e1sese al confort que le da tener un suministro de gas en su hogar o industria.[\/vc_column_text][\/vc_column][vc_column css_animation=&#8221;fadeInRight&#8221; css=&#8221;.vc_custom_1583274520571{background-position: center !important;background-repeat: no-repeat !important;background-size: cover !important;}&#8221; offset=&#8221;vc_col-lg-offset-0 vc_col-lg-6 vc_col-md-offset-0 vc_col-md-6 vc_col-sm-offset-0 vc_col-xs-12&#8243;][vc_single_image image=&#8221;1097&#8243; img_size=&#8221;full&#8221; qode_css_animation=&#8221;&#8221;][\/vc_column][\/vc_row][vc_row css_animation=&#8221;element_from_fade&#8221; row_type=&#8221;row&#8221; use_row_as_full_screen_section=&#8221;no&#8221; type=&#8221;grid&#8221; angled_section=&#8221;no&#8221; text_align=&#8221;left&#8221; background_image_as_pattern=&#8221;without_pattern&#8221; css=&#8221;.vc_custom_1584517501535{margin-top: 5% !important;margin-bottom: 5% !important;}&#8221; z_index=&#8221;&#8221;][vc_column css_animation=&#8221;fadeInDown&#8221; offset=&#8221;vc_col-lg-offset-0 vc_col-lg-6 vc_col-md-offset-0 vc_col-md-6 vc_col-sm-offset-0 vc_col-xs-12&#8243;][vc_empty_space height=&#8221;13px&#8221;][vc_single_image image=&#8221;1098&#8243; img_size=&#8221;1000&#215;675&#8243; qode_css_animation=&#8221;&#8221;][vc_empty_space height=&#8221;13px&#8221;][vc_column_text]<\/p>\n<h5>Instalaciones<\/h5>\n<p>[\/vc_column_text][vc_empty_space height=&#8221;13px&#8221;][vc_column_text]En el caso de que su caldera estuviera anticuada, o no funcionase bien, tambi\u00e9n se la cambiamos; y si fuera necesario, le realizamos la instalaci\u00f3n completa de todo su sistema de calefacci\u00f3n.[\/vc_column_text][\/vc_column][vc_column css_animation=&#8221;fadeInDown&#8221; offset=&#8221;vc_col-lg-offset-0 vc_col-lg-6 vc_col-md-offset-0 vc_col-md-6 vc_col-sm-offset-0 vc_col-xs-12&#8243;][vc_empty_space height=&#8221;13px&#8221;][vc_single_image image=&#8221;702&#8243; img_size=&#8221;1000&#215;675&#8243; qode_css_animation=&#8221;&#8221;][vc_empty_space height=&#8221;13px&#8221;][vc_column_text]<\/p>\n<h5><span style=\"color: red;\">Asesoramiento<\/span><\/h5>\n<p>[\/vc_column_text][vc_empty_space height=&#8221;13px&#8221;][vc_column_text]Tambi\u00e9n le informaremos de beneficiosos descuentos y promociones al contratar su suministro de gas GLP.[\/vc_column_text][\/vc_column][\/vc_row][vc_row css_animation=&#8221;&#8221; row_type=&#8221;row&#8221; use_row_as_full_screen_section=&#8221;no&#8221; type=&#8221;full_width&#8221; angled_section=&#8221;no&#8221; text_align=&#8221;center&#8221; background_image_as_pattern=&#8221;without_pattern&#8221; z_index=&#8221;&#8221;][vc_column][vc_empty_space]<a  itemprop=\"url\" href=\"https:\/\/gresangas.com\/?page_id=227\" target=\"_self\"  class=\"qbutton  big_large default\" style=\"\">Contacta<\/a>[vc_empty_space][\/vc_column][\/vc_row]<\/p>","protected":false},"excerpt":{"rendered":"<p>[vc_row css_animation=&#8221;&#8221; row_type=&#8221;row&#8221; use_row_as_full_screen_section=&#8221;no&#8221; type=&#8221;grid&#8221; angled_section=&#8221;no&#8221; text_align=&#8221;left&#8221; background_image_as_pattern=&#8221;without_pattern&#8221; z_index=&#8221;&#8221;][vc_column css_animation=&#8221;fadeIn&#8221;][vc_empty_space][vc_column_text] Realizamos la instalaci\u00f3n y legalizaci\u00f3n completa de dep\u00f3sitos de gas GLP, y su posterior conexi\u00f3n a su circuito hidr\u00e1ulico. [\/vc_column_text][\/vc_column][\/vc_row][vc_row css_animation=&#8221;element_from_fade&#8221; row_type=&#8221;row&#8221; use_row_as_full_screen_section=&#8221;no&#8221; type=&#8221;grid&#8221; angled_section=&#8221;no&#8221; text_align=&#8221;left&#8221; background_image_as_pattern=&#8221;without_pattern&#8221; css=&#8221;.vc_custom_1584517464346{margin-top: 5% !important;margin-bottom: 5% !important;border-top-width: 5% !important;border-bottom-width: 5%&#8230;<\/p>\n","protected":false},"author":1,"featured_media":0,"parent":0,"menu_order":0,"comment_status":"closed","ping_status":"closed","template":"","meta":[],"_links":{"self":[{"href":"https:\/\/gresangas.com\/es\/wp-json\/wp\/v2\/pages\/451"}],"collection":[{"href":"https:\/\/gresangas.com\/es\/wp-json\/wp\/v2\/pages"}],"about":[{"href":"https:\/\/gresangas.com\/es\/wp-json\/wp\/v2\/types\/page"}],"author":[{"embeddable":true,"href":"https:\/\/gresangas.com\/es\/wp-json\/wp\/v2\/users\/1"}],"replies":[{"embeddable":true,"href":"https:\/\/gresangas.com\/es\/wp-json\/wp\/v2\/comments?post=451"}],"version-history":[{"count":37,"href":"https:\/\/gresangas.com\/es\/wp-json\/wp\/v2\/pages\/451\/revisions"}],"predecessor-version":[{"id":1391,"href":"https:\/\/gresangas.com\/es\/wp-json\/wp\/v2\/pages\/451\/revisions\/1391"}],"wp:attachment":[{"href":"https:\/\/gresangas.com\/es\/wp-json\/wp\/v2\/media?parent=451"}],"curies":[{"name":"wp","href":"https:\/\/api.w.org\/{rel}","templated":true}]}}