{"id":447,"date":"2020-02-18T11:51:35","date_gmt":"2020-02-18T10:51:35","guid":{"rendered":"https:\/\/www.gresangas.com\/?page_id=447"},"modified":"2020-04-24T12:36:17","modified_gmt":"2020-04-24T10:36:17","slug":"calefaccio","status":"publish","type":"page","link":"https:\/\/gresangas.com\/es\/calefaccio\/","title":{"rendered":"CALEFACCI\u00d3N Y CLIMATIZACI\u00d3N"},"content":{"rendered":"<p>[vc_row css_animation=&#8221;element_from_fade&#8221; row_type=&#8221;row&#8221; use_row_as_full_screen_section=&#8221;no&#8221; type=&#8221;grid&#8221; angled_section=&#8221;no&#8221; text_align=&#8221;left&#8221; background_image_as_pattern=&#8221;without_pattern&#8221; css=&#8221;.vc_custom_1583311165744{background-color: #f0f0f0 !important;}&#8221; z_index=&#8221;&#8221;][vc_column css_animation=&#8221;fadeInDown&#8221; width=&#8221;1\/2&#8243; offset=&#8221;vc_col-lg-offset-0 vc_col-lg-6 vc_col-md-offset-0 vc_col-md-6 vc_col-sm-offset-0 vc_col-xs-12&#8243; css=&#8221;.vc_custom_1583274169373{border-top-width: 10% !important;border-bottom-width: 10% !important;padding-top: 10% !important;padding-bottom: 10% !important;}&#8221;][vc_column_text]<\/p>\n<h1>Calefacci\u00f3n y <span style=\"color: red;\">Climatizaci\u00f3n<\/span><\/h1>\n<p>[\/vc_column_text][vc_empty_space][vc_column_text]\u00bfPasas fr\u00edo en invierno y calor en verano? \u00bfEst\u00e1s harto de mover radiadores el\u00e9ctricos de un lado hacia otro o tener que abrir todas las ventanas porque te ahogas del calor?<\/p>\n<p>&nbsp;<\/p>\n<p>No lo dudes, solicita tu presupuesto sin compromiso y otorga a tu hogar del mayor confort.[\/vc_column_text][\/vc_column][vc_column css_animation=&#8221;fadeInRight&#8221; width=&#8221;1\/2&#8243; css=&#8221;.vc_custom_1583268142242{background-position: center !important;background-repeat: no-repeat !important;background-size: cover !important;}&#8221;][vc_single_image image=&#8221;808&#8243; img_size=&#8221;full&#8221; qode_css_animation=&#8221;&#8221;][\/vc_column][\/vc_row][vc_row css_animation=&#8221;element_from_fade&#8221; row_type=&#8221;row&#8221; use_row_as_full_screen_section=&#8221;no&#8221; type=&#8221;grid&#8221; angled_section=&#8221;no&#8221; text_align=&#8221;left&#8221; background_image_as_pattern=&#8221;without_pattern&#8221; css=&#8221;.vc_custom_1584484298322{margin-top: 5% !important;margin-bottom: 5% !important;border-top-width: 5% !important;border-bottom-width: 5% !important;}&#8221; z_index=&#8221;&#8221;][vc_column css_animation=&#8221;fadeInDown&#8221; offset=&#8221;vc_col-lg-offset-0 vc_col-lg-6 vc_col-md-offset-0 vc_col-md-6 vc_col-sm-offset-0 vc_col-xs-12&#8243;][vc_empty_space height=&#8221;13px&#8221;][vc_single_image image=&#8221;703&#8243; img_size=&#8221;full&#8221; qode_css_animation=&#8221;&#8221;][vc_empty_space height=&#8221;13px&#8221;][vc_column_text]<\/p>\n<h5>Reparaciones<\/h5>\n<p>[\/vc_column_text][vc_empty_space height=&#8221;13px&#8221;][vc_column_text]Realizamos y reparamos todo tipo de instalaciones de calefacci\u00f3n y climatizaci\u00f3n, tanto sea un circuito de suelo radiante, de radiadores convencionales o la instalaci\u00f3n de uno o varios aires acondicionados.[\/vc_column_text][vc_empty_space height=&#8221;13px&#8221;][\/vc_column][vc_column css_animation=&#8221;fadeInDown&#8221; offset=&#8221;vc_col-lg-offset-0 vc_col-lg-6 vc_col-md-offset-0 vc_col-md-6 vc_col-sm-offset-0 vc_col-xs-12&#8243;][vc_empty_space height=&#8221;13px&#8221;][vc_single_image image=&#8221;702&#8243; img_size=&#8221;1248X698&#8243; qode_css_animation=&#8221;&#8221;][vc_empty_space height=&#8221;13px&#8221;][vc_column_text]<\/p>\n<h5><span style=\"color: red;\">Asesoramiento<\/span><\/h5>\n<p>[\/vc_column_text][vc_empty_space height=&#8221;13px&#8221;][vc_column_text]Le asesoramos en todo momento para elegir la mejor opci\u00f3n para su hogar o su negocio, y conseguir el mayor confort a la vez que se ajuste al m\u00e1ximo su factura de energ\u00eda.[\/vc_column_text][vc_empty_space height=&#8221;13px&#8221;][\/vc_column][\/vc_row][vc_row css_animation=&#8221;&#8221; row_type=&#8221;row&#8221; use_row_as_full_screen_section=&#8221;no&#8221; type=&#8221;full_width&#8221; angled_section=&#8221;no&#8221; text_align=&#8221;center&#8221; background_image_as_pattern=&#8221;without_pattern&#8221; z_index=&#8221;&#8221;][vc_column]<a  itemprop=\"url\" href=\"https:\/\/gresangas.com\/?page_id=227&amp;lang=es\" target=\"_self\"  class=\"qbutton  big_large default\" style=\"\">Contacta<\/a>[vc_empty_space][\/vc_column][\/vc_row]<\/p>","protected":false},"excerpt":{"rendered":"<p>[vc_row css_animation=&#8221;element_from_fade&#8221; row_type=&#8221;row&#8221; use_row_as_full_screen_section=&#8221;no&#8221; type=&#8221;grid&#8221; angled_section=&#8221;no&#8221; text_align=&#8221;left&#8221; background_image_as_pattern=&#8221;without_pattern&#8221; css=&#8221;.vc_custom_1583311165744{background-color: #f0f0f0 !important;}&#8221; z_index=&#8221;&#8221;][vc_column css_animation=&#8221;fadeInDown&#8221; width=&#8221;1\/2&#8243; offset=&#8221;vc_col-lg-offset-0 vc_col-lg-6 vc_col-md-offset-0 vc_col-md-6 vc_col-sm-offset-0 vc_col-xs-12&#8243; css=&#8221;.vc_custom_1583274169373{border-top-width: 10% !important;border-bottom-width: 10% !important;padding-top: 10% !important;padding-bottom: 10% !important;}&#8221;][vc_column_text] Calefacci\u00f3n y Climatizaci\u00f3n [\/vc_column_text][vc_empty_space][vc_column_text]\u00bfPasas fr\u00edo en invierno y calor en verano? \u00bfEst\u00e1s harto de mover radiadores&#8230;<\/p>\n","protected":false},"author":1,"featured_media":0,"parent":0,"menu_order":0,"comment_status":"closed","ping_status":"closed","template":"","meta":[],"_links":{"self":[{"href":"https:\/\/gresangas.com\/es\/wp-json\/wp\/v2\/pages\/447"}],"collection":[{"href":"https:\/\/gresangas.com\/es\/wp-json\/wp\/v2\/pages"}],"about":[{"href":"https:\/\/gresangas.com\/es\/wp-json\/wp\/v2\/types\/page"}],"author":[{"embeddable":true,"href":"https:\/\/gresangas.com\/es\/wp-json\/wp\/v2\/users\/1"}],"replies":[{"embeddable":true,"href":"https:\/\/gresangas.com\/es\/wp-json\/wp\/v2\/comments?post=447"}],"version-history":[{"count":44,"href":"https:\/\/gresangas.com\/es\/wp-json\/wp\/v2\/pages\/447\/revisions"}],"predecessor-version":[{"id":1394,"href":"https:\/\/gresangas.com\/es\/wp-json\/wp\/v2\/pages\/447\/revisions\/1394"}],"wp:attachment":[{"href":"https:\/\/gresangas.com\/es\/wp-json\/wp\/v2\/media?parent=447"}],"curies":[{"name":"wp","href":"https:\/\/api.w.org\/{rel}","templated":true}]}}