{"id":441,"date":"2020-02-18T11:49:39","date_gmt":"2020-02-18T10:49:39","guid":{"rendered":"https:\/\/www.gresangas.com\/?page_id=441"},"modified":"2020-04-09T12:24:45","modified_gmt":"2020-04-09T10:24:45","slug":"gas","status":"publish","type":"page","link":"https:\/\/gresangas.com\/es\/gas\/","title":{"rendered":"GAS"},"content":{"rendered":"<p>[vc_row css_animation=&#8221;element_from_fade&#8221; row_type=&#8221;row&#8221; use_row_as_full_screen_section=&#8221;no&#8221; type=&#8221;grid&#8221; angled_section=&#8221;no&#8221; text_align=&#8221;left&#8221; background_image_as_pattern=&#8221;without_pattern&#8221; z_index=&#8221;&#8221;][vc_column css_animation=&#8221;fadeIn&#8221;][vc_empty_space][\/vc_column][\/vc_row][vc_row css_animation=&#8221;element_from_fade&#8221; row_type=&#8221;row&#8221; use_row_as_full_screen_section=&#8221;no&#8221; type=&#8221;full_width&#8221; angled_section=&#8221;no&#8221; text_align=&#8221;left&#8221; background_image_as_pattern=&#8221;without_pattern&#8221; css=&#8221;.vc_custom_1584516229259{border-top-width: 5% !important;border-bottom-width: 5% !important;padding-top: 5% !important;padding-bottom: 5% !important;background-color: #f0f0f0 !important;}&#8221; z_index=&#8221;&#8221;][vc_column css_animation=&#8221;fadeInDown&#8221; offset=&#8221;vc_col-lg-offset-0 vc_col-lg-6 vc_col-md-offset-0 vc_col-md-6 vc_col-sm-offset-0 vc_col-xs-12&#8243;][vc_column_text]<\/p>\n<h1 style=\"text-align: right;\"><span style=\"color: #000000;\">Instalaciones <\/span><\/h1>\n<h1 style=\"text-align: right;\"><span style=\"color: #ff0000;\">de Gas<\/span><\/h1>\n<p>[\/vc_column_text][vc_empty_space][vc_column_text]<\/p>\n<p style=\"text-align: right;\">En GRESANGAS como pioneros y profesionales en el sector, realizamos cualquier tipo de instalaci\u00f3n para obra nueva, finca rehabilitada, instalaciones dom\u00e9sticas e industriales&#8230; Sea cual sea su elecci\u00f3n: gas natural o GLP.<\/p>\n<p>&nbsp;<\/p>\n<p style=\"text-align: right;\">Siempre las certificamos y legalizamos.<\/p>\n<p>&nbsp;<\/p>\n<p style=\"text-align: right;\">Ya sabe, si quiere poner gas en su negocio, industria, residencia,&#8230; No dude en solicitarnos presupuesto.<\/p>\n<p>[\/vc_column_text][\/vc_column][vc_column css_animation=&#8221;fadeInRight&#8221; css=&#8221;.vc_custom_1582722380973{background-position: center !important;background-repeat: no-repeat !important;background-size: cover !important;}&#8221; offset=&#8221;vc_col-lg-offset-0 vc_col-lg-6 vc_col-md-offset-0 vc_col-md-6 vc_col-sm-offset-0 vc_col-xs-12&#8243;][vc_single_image image=&#8221;845&#8243; img_size=&#8221;full&#8221; qode_css_animation=&#8221;&#8221; css=&#8221;.vc_custom_1582722667891{background-position: center !important;background-repeat: no-repeat !important;background-size: cover !important;}&#8221;][\/vc_column][\/vc_row][vc_row css_animation=&#8221;element_from_fade&#8221; row_type=&#8221;row&#8221; use_row_as_full_screen_section=&#8221;no&#8221; type=&#8221;grid&#8221; angled_section=&#8221;no&#8221; text_align=&#8221;left&#8221; background_image_as_pattern=&#8221;without_pattern&#8221; css=&#8221;.vc_custom_1583356322282{border-top-width: 5% !important;border-bottom-width: 5% !important;padding-top: 5% !important;padding-bottom: 5% !important;}&#8221; z_index=&#8221;&#8221;][vc_column css_animation=&#8221;fadeInLeft&#8221; offset=&#8221;vc_col-lg-offset-0 vc_col-lg-6 vc_col-md-offset-0 vc_col-md-6 vc_col-sm-offset-0 vc_col-xs-12&#8243;][vc_single_image image=&#8221;1100&#8243; img_size=&#8221;full&#8221; qode_css_animation=&#8221;&#8221;][\/vc_column][vc_column css_animation=&#8221;fadeInDown&#8221; offset=&#8221;vc_col-lg-offset-0 vc_col-lg-6 vc_col-md-offset-0 vc_col-md-6 vc_col-sm-offset-0 vc_col-xs-12&#8243;][vc_column_text]<\/p>\n<h1><span style=\"color: red;\"><span style=\"color: #000000;\">Certificaciones y<\/span> Mantenimiento<\/span><\/h1>\n<p>[\/vc_column_text][vc_empty_space][vc_column_text]<\/p>\n<p style=\"text-align: left;\">Las\u00a0instalaciones de gas\u00a0est\u00e1n reguladas de forma estatal a trav\u00e9s del\u00a0<a href=\"https:\/\/www.boe.es\/boe\/dias\/2006\/09\/04\/pdfs\/A31576-31632.pdf\" target=\"_blank\" rel=\"noopener noreferrer\">Real Decreto 919\/2006, de 28 de julio<\/a>, es decir, los instaladores debemos seguir una normativa de seguridad tanto del sistema como de los usuarios.<\/p>\n<p>&nbsp;<\/p>\n<p style=\"text-align: left;\">Esta regulaci\u00f3n nacional est\u00e1 apoyada por diferentes normativas auton\u00f3micas y locales que determinan las caracter\u00edsticas que han de tener los procedimientos, instalaciones y\u00a0equipamientos de gas\u00a0en un \u00e1rea concreta.<\/p>\n<p>[\/vc_column_text][\/vc_column][\/vc_row][vc_row css_animation=&#8221;&#8221; row_type=&#8221;row&#8221; use_row_as_full_screen_section=&#8221;no&#8221; type=&#8221;full_width&#8221; angled_section=&#8221;no&#8221; text_align=&#8221;center&#8221; background_image_as_pattern=&#8221;without_pattern&#8221; z_index=&#8221;&#8221;][vc_column]<a  itemprop=\"url\" href=\"https:\/\/gresangas.com\/?page_id=227&amp;lang=es\" target=\"_self\"  class=\"qbutton  big_large default\" style=\"\">Contacta<\/a>[vc_empty_space][\/vc_column][\/vc_row]<\/p>","protected":false},"excerpt":{"rendered":"<p>[vc_row css_animation=&#8221;element_from_fade&#8221; row_type=&#8221;row&#8221; use_row_as_full_screen_section=&#8221;no&#8221; type=&#8221;grid&#8221; angled_section=&#8221;no&#8221; text_align=&#8221;left&#8221; background_image_as_pattern=&#8221;without_pattern&#8221; z_index=&#8221;&#8221;][vc_column css_animation=&#8221;fadeIn&#8221;][vc_empty_space][\/vc_column][\/vc_row][vc_row css_animation=&#8221;element_from_fade&#8221; row_type=&#8221;row&#8221; use_row_as_full_screen_section=&#8221;no&#8221; type=&#8221;full_width&#8221; angled_section=&#8221;no&#8221; text_align=&#8221;left&#8221; background_image_as_pattern=&#8221;without_pattern&#8221; css=&#8221;.vc_custom_1584516229259{border-top-width: 5% !important;border-bottom-width: 5% !important;padding-top: 5% !important;padding-bottom: 5% !important;background-color: #f0f0f0 !important;}&#8221; z_index=&#8221;&#8221;][vc_column css_animation=&#8221;fadeInDown&#8221; offset=&#8221;vc_col-lg-offset-0 vc_col-lg-6 vc_col-md-offset-0 vc_col-md-6 vc_col-sm-offset-0 vc_col-xs-12&#8243;][vc_column_text] Instalaciones de Gas [\/vc_column_text][vc_empty_space][vc_column_text] En GRESANGAS como pioneros y&#8230;<\/p>\n","protected":false},"author":1,"featured_media":0,"parent":0,"menu_order":0,"comment_status":"closed","ping_status":"closed","template":"","meta":[],"_links":{"self":[{"href":"https:\/\/gresangas.com\/es\/wp-json\/wp\/v2\/pages\/441"}],"collection":[{"href":"https:\/\/gresangas.com\/es\/wp-json\/wp\/v2\/pages"}],"about":[{"href":"https:\/\/gresangas.com\/es\/wp-json\/wp\/v2\/types\/page"}],"author":[{"embeddable":true,"href":"https:\/\/gresangas.com\/es\/wp-json\/wp\/v2\/users\/1"}],"replies":[{"embeddable":true,"href":"https:\/\/gresangas.com\/es\/wp-json\/wp\/v2\/comments?post=441"}],"version-history":[{"count":50,"href":"https:\/\/gresangas.com\/es\/wp-json\/wp\/v2\/pages\/441\/revisions"}],"predecessor-version":[{"id":1239,"href":"https:\/\/gresangas.com\/es\/wp-json\/wp\/v2\/pages\/441\/revisions\/1239"}],"wp:attachment":[{"href":"https:\/\/gresangas.com\/es\/wp-json\/wp\/v2\/media?parent=441"}],"curies":[{"name":"wp","href":"https:\/\/api.w.org\/{rel}","templated":true}]}}