{"id":404,"date":"2020-02-18T10:19:38","date_gmt":"2020-02-18T09:19:38","guid":{"rendered":"https:\/\/www.gresangas.com\/?page_id=404"},"modified":"2020-02-24T10:52:13","modified_gmt":"2020-02-24T09:52:13","slug":"politica-de-privacitat","status":"publish","type":"page","link":"https:\/\/gresangas.com\/es\/politica-de-privacitat\/","title":{"rendered":"POL\u00cdTICA DE PRIVACIDAD"},"content":{"rendered":"<p>[vc_row css_animation=&#8221;&#8221; row_type=&#8221;row&#8221; use_row_as_full_screen_section=&#8221;no&#8221; type=&#8221;full_width&#8221; angled_section=&#8221;no&#8221; text_align=&#8221;left&#8221; background_image_as_pattern=&#8221;without_pattern&#8221;][vc_column][vc_empty_space][vc_column_text]<\/p>\n<h4><span style=\"color: #000000;\">OBJETO<\/span><\/h4>\n<p>En GRESANGAS S.L. (en adelante GRESANGAS) trabajamos para garantizar la privacidad en el tratamiento de sus datos personales. En este sentido, hemos actualizado nuestra pol\u00edtica de privacidad con el fin de informar claramente de c\u00f3mo recopilamos, utilizamos y custodiamos los datos de las personas que contactan con nosotros.<\/p>\n<h4><span style=\"color: #000000;\">RESPONSABLE<\/span><\/h4>\n<p>El interesado \/ a que facilite a GRESANGAS datos de car\u00e1cter personal a trav\u00e9s de esta plataforma o por cualquier otra v\u00eda, queda informado de que el tratamiento de sus datos es realizado por:<\/p>\n<ul>\n<li><strong>Nombre de la<\/strong>\u00a0<strong>empresa<\/strong>: GRESANGAS S.L.<\/li>\n<li><strong>CIF<\/strong>: B25604679<\/li>\n<li><strong>Direcci\u00f3n<\/strong>: \u00a0C\/Valls d\u2019Andorra, 57-59, baixos \u2013 25005 LLEIDA (LLEIDA)<\/li>\n<li><strong>Tel\u00e9fono<\/strong>: 973230052<\/li>\n<li><strong>Correo<\/strong>: <span class=\"oe_textdirection\">&#x74;&#x65;&#x6e;&#x2e;&#x6b;&#x6f;&#x6f;&#x62;&#x72;&#x65;&#x74;&#x6e;&#x69;<span class=\"oe_displaynone\">null<\/span>&#x40;&#x73;&#x61;&#x67;&#x6e;&#x61;&#x73;&#x65;&#x72;&#x67;<\/span><\/li>\n<\/ul>\n<p>GRESANGAS, de conformidad con lo dispuesto en la normativa vigente en materia de protecci\u00f3n de datos personales, el Reglamento (UE) 2016\/679 de 27 de abril de 2016 (RGPD) relativo a la protecci\u00f3n de las personas f\u00edsicas con respecto al tratamiento de datos personales y la libre circulaci\u00f3n de estos, la Ley Org\u00e1nica 3\/2018, de 5 de diciembre, de Protecci\u00f3n de datos Personales y garant\u00eda de los Derechos Digitales (LOPD GDD) y por la Ley 34\/2002, de 11 de julio, de Servicios de la sociedad de la Informaci\u00f3n y del Comercio Electr\u00f3nico (LSSICE), tiene implementadas todas las medidas de seguridad, de \u00edndole t\u00e9cnica y organizativas, con el fin de asegurar la integridad y confidencialidad de los datos personales.<\/p>\n<h4><span style=\"color: #000000;\">FINALIDAD<\/span><\/h4>\n<p>A efectos de lo previsto en la LOPD RGPD, le informamos que los datos que voluntariamente nos est\u00e9 facilitando en esta plataforma ya trav\u00e9s de cualquier otra v\u00eda, ser\u00e1n incorporados a nuestros sistemas de informaci\u00f3n con el fin de realizar las gestiones comerciales y administrativas necesarias .<\/p>\n<p>Las operaciones previstas para realizar los tratamientos son las siguientes: prestarle servicios solicitados, as\u00ed como responder a sus consultas o solicitudes.<\/p>\n<p>Tambi\u00e9n podremos utilizar sus datos para ofrecerle informaci\u00f3n y ofertas sobre nuestros servicios, enviarle comunicaciones, boletines, actividades y noticias de su inter\u00e9s relacionadas con la empresa y su sector de actividad.<\/p>\n<h4><span style=\"color: #000000;\">CONSERVACI\u00d3N DE LOS DATOS<\/span><\/h4>\n<p>Los datos se conservar\u00e1n durante todo el tiempo que el contrato o relaci\u00f3n comercial est\u00e9 vigente y la finalidad para la que se hayan obtenido y mientras no ejerza sus derechos de oposici\u00f3n y \/ o cancelaci\u00f3n indicados.<\/p>\n<p>Una vez finalizada la citada relaci\u00f3n, los datos podr\u00e1n ser conservados durante el tiempo exigido por la legislaci\u00f3n aplicable y hasta que prescriban las eventuales responsabilidades derivadas del contrato.<\/p>\n<h4><span style=\"color: #000000;\">LEGITIMACI\u00d3N<\/span><\/h4>\n<p>La base legal para el tratamiento de los datos es su consentimiento otorgado en el momento de dar sus datos en el formulario correspondiente para llevar a cabo las finalidades, en el momento de marcado de la casilla de verificaci\u00f3n. El no facilitar los datos personales solicitados o el no aceptar la presente pol\u00edtica de privacidad supone la imposibilidad de conseguir las finalidades anteriormente descritas.<\/p>\n<p>En los casos en que exista una relaci\u00f3n contractual entre las partes, la legitimaci\u00f3n para el desarrollo de las obligaciones derivadas de la misma ser\u00e1 la existencia de la relaci\u00f3n comercial establecida entre las partes.<\/p>\n<p>La oferta prospectiva o comercial de productos y servicios est\u00e1 basada en el consentimiento que se le solicita, sin que en ning\u00fan caso la retirada de este consentimiento condicione la ejecuci\u00f3n del contrato de suscripci\u00f3n.<\/p>\n<p>Tambi\u00e9n el tratamiento de sus datos personales para enviarle circulares informativas, comunicaciones, boletines, actividades y noticias de su inter\u00e9s relacionadas con el servicio contratado se encuentra legitimado por raz\u00f3n de la relaci\u00f3n comercial existente con GRESANGAS, de conformidad con lo establecido en el Reglamento Europeo de Protecci\u00f3n de Datos.<\/p>\n<h4>CONFIDENCIALIDAD Y DESTINATARIOS DE LOS DATOS<\/h4>\n<p>Los datos que nos facilite se tratar\u00e1n de forma confidencial. GRESANGAS ha adoptado todas las medidas de protecci\u00f3n necesarias para garantizar la seguridad en el tratamiento de los datos y evitar su alteraci\u00f3n, p\u00e9rdida, tratamiento o acceso no autorizado, habida cuenta del estado de la tecnolog\u00eda y naturaleza de los datos almacenados. Asimismo, se garantiza tambi\u00e9n que el tratamiento y registro en ficheros, programas, sistemas o equipos y centros, cumplen con los requisitos y condiciones de integridad y seguridad establecidas en la normativa vigente.<\/p>\n<p>Los datos s\u00f3lo ser\u00e1n accesibles para las personas de la empresa que lo requieran para llevar a cabo las funciones propias de su puesto de trabajo.<\/p>\n<p>GRESANGAS no ceder\u00e1 los datos personales a terceros, salvo por obligaci\u00f3n legal. Sin embargo, en el caso de ser cedidos a alg\u00fan tercero se producir\u00eda una informaci\u00f3n previa solicitando el consentimiento expreso para tal cesi\u00f3n. La entidad responsable de la base de datos, as\u00ed como los que intervengan en cualquier fase del tratamiento y \/ o las entidades a las que se les haya comunicado -en todo caso siempre con la correspondiente autorizaci\u00f3n otorgada por el usuario-, est\u00e1n obligados a observar el secreto profesional y la adopci\u00f3n de los niveles de protecci\u00f3n y las medidas t\u00e9cnicas y organizativas necesarias a su alcance para garantizar la seguridad de los datos de car\u00e1cter personal, evitando, en la medida de lo posible, accesos no autorizados, modificaciones il\u00edcitas, sustracciones y \/ o la p\u00e9rdida de los datos, a fin de procurar el correspondiente nivel de seguridad de los ficheros del prestador, seg\u00fan la naturaleza y sensibilidad de los datos facilitados por las personas interesadas.<\/p>\n<h4><span style=\"color: #000000;\">DERECHOS<\/span><\/h4>\n<p>GRESANGAS garantiza que ha implementado pol\u00edticas t\u00e9cnicas y organizativas apropiadas para aplicar las medidas de seguridad que establecen el RGPD y la LOPD para proteger los derechos y libertades de las personas interesadas.<\/p>\n<p>Cualquier persona tiene derecho a solicitar al responsable del tratamiento la confirmaci\u00f3n sobre si estamos tratando los datos personales que le conciernan.<\/p>\n<p>Los interesados \u200b\u200btienen derecho a acceder a sus datos personales, as\u00ed como solicitar la rectificaci\u00f3n de los datos inexactos o, en su caso, solicitar la supresi\u00f3n cuando, entre otros motivos, los datos ya no sean necesarias para a las finalidades para las que fueron recogidos.<\/p>\n<p>En las condiciones previstas en el Reglamento General de Protecci\u00f3n de Datos, los interesados \u200b\u200bpodr\u00e1n solicitar la limitaci\u00f3n del tratamiento de sus datos, la portabilidad en un formato estructurado, de uso com\u00fan y lectura mec\u00e1nica y finalmente, al olvido de las mismas.<\/p>\n<p>En determinadas circunstancias y por motivos relacionados con su situaci\u00f3n particular, los interesados \u200b\u200bpodr\u00e1n oponerse al tratamiento de sus datos. Si ha otorgado el consentimiento para alguna finalidad espec\u00edfica, tiene derecho a retirarlo en cualquier momento, sin que ello afecte a la licitud del tratamiento basado en el consentimiento previo a su retirada. En estos supuestos dejaremos de tratar los datos o, en su caso, dejaremos de hacerlo para esta finalidad concreta.<\/p>\n<p>Todos los derechos mencionados pueden ejercerse mediante solicitud a trav\u00e9s de los medios de contacto que figuran en el apartado \u201cRESPONSABLE\u201d de esta pol\u00edtica de privacidad o bien a trav\u00e9s de la direcci\u00f3n <strong><span class=\"oe_textdirection\">&#x74;&#x65;&#x6e;&#x2e;&#x6b;&#x6f;&#x6f;&#x62;&#x72;&#x65;&#x74;&#x6e;&#x69;<span class=\"oe_displaynone\">null<\/span>&#x40;&#x73;&#x61;&#x67;&#x6e;&#x61;&#x73;&#x65;&#x72;&#x67;<\/span><\/strong><\/p>\n<p>Asimismo, le comunicamos que puede presentar una reclamaci\u00f3n directamente ante la Agencia Espa\u00f1ola de Protecci\u00f3n de datos (agpd.es) u otra autoridad de control competente. Tambi\u00e9n puede obtener m\u00e1s informaci\u00f3n sobre los derechos que le asisten dirigi\u00e9ndose a los mencionados organismos.<\/p>\n<h4><span style=\"color: #000000;\">FORMULARIOS WEB<\/span><\/h4>\n<p>GRESANGAS, informar\u00e1 de forma clara e intuitiva, los datos que ser\u00e1n obligatorias y necesarias aportar.<\/p>\n<p>Mediante la indicaci\u00f3n e introducci\u00f3n de los datos, el usuario otorga el consentimiento inequ\u00edvoco a GRESANGAS, para que proceda al tratamiento de los datos facilitados por las finalidades mencionadas.<\/p>\n<p>El no facilitar los datos personales solicitados o el no aceptar la presente pol\u00edtica de protecci\u00f3n de datos supone la imposibilidad de suscribirse, registrarse o recibir informaci\u00f3n de los productos o servicios de GRESANGAS.<\/p>\n<p>De conformidad con lo dispuesto en las normativas vigentes en materia de protecci\u00f3n de datos personales, GRESANGAS est\u00e1 cumpliendo con todas las disposiciones de las normativas RGPD y LOPD para el tratamiento de los datos personales de su responsabilidad, y manifiestamente con los principios descritos en el art. 5 del RGPD y al arte. 4 de la LOPD, los que son tratados de manera l\u00edcita, leal y transparente en relaci\u00f3n al interesado y adecuados, pertinentes y limitadas en relaci\u00f3n con la finalidad para la que son tratadas.<\/p>\n<h4><span style=\"color: #000000;\">CONTENIDOS Y ENLACES<\/span><\/h4>\n<p>GRESANGAS se reserva el derecho a actualizar, modificar o eliminar la informaci\u00f3n contenida en sus distintas plataformas, pudiendo limitar o no permitir el acceso a la informaci\u00f3n.<\/p>\n<p>Tampoco asume ning\u00fan tipo de responsabilidad por la informaci\u00f3n contenida en las webs y plataformas de terceros a las que se pueda acceder por \u201clinks\u201d o enlaces desde cualquier plataforma de GRESANGAS.<\/p>\n<p>La presencia de \u201clinks\u201d o enlaces s\u00f3lo tienen fines informativos y en ning\u00fan caso supone sugerencia, invitaci\u00f3n o reconocimiento sobre los mismos.<\/p>\n<p>Le informamos igualmente, que las fotograf\u00edas que est\u00e9n colgadas en cualquier plataforma son propiedad de GRESANGAS.<\/p>\n<h4><span style=\"color: #000000;\">CAMBIOS POL\u00cdTICA DE PRIVACIDAD<\/span><\/h4>\n<p>GRESANGAS se reserva el derecho a modificar la presente pol\u00edtica para adaptarla a novedades legislativas o jurisprudenciales.<\/p>\n<h4><span style=\"color: #000000;\">CORREOS COMERCIALES<\/span><\/h4>\n<p>De acuerdo con la LSSICE, GRESANGAS no realiza pr\u00e1cticas de SPAM, por lo tanto, no env\u00eda correos comerciales por correo electr\u00f3nico que no hayan sido previamente autorizados por el afectado o que resulten de tener contratado alg\u00fan servicio. En consecuencia, en cualquiera de los formularios que puedan aparecer en este sitio web y otras plataformas, el usuario tiene la posibilidad de dar su consentimiento expreso para recibir informaci\u00f3n de GRESANGAS, con independencia de la informaci\u00f3n comercial puntualmente solicitada.<\/p>\n<h4><span style=\"color: #000000;\">LEGISLACI\u00d3N<\/span><\/h4>\n<p>Con car\u00e1cter general, las relaciones entre GRESANGAS con los usuarios de cualquiera de sus servicios telem\u00e1ticos, est\u00e1n sometidos a la legislaci\u00f3n y jurisdicci\u00f3n espa\u00f1olas a la que se someten expresamente las partes, siendo competentes para la resoluci\u00f3n de todos los conflictos derivados o relacionados con su uso los Juzgados y Tribunales de Lleida.[\/vc_column_text][vc_empty_space height=&#8221;50px&#8221;][\/vc_column][\/vc_row]<\/p>","protected":false},"excerpt":{"rendered":"<p>[vc_row css_animation=&#8221;&#8221; row_type=&#8221;row&#8221; use_row_as_full_screen_section=&#8221;no&#8221; type=&#8221;full_width&#8221; angled_section=&#8221;no&#8221; text_align=&#8221;left&#8221; background_image_as_pattern=&#8221;without_pattern&#8221;][vc_column][vc_empty_space][vc_column_text] OBJETO En GRESANGAS S.L. (en adelante GRESANGAS) trabajamos para garantizar la privacidad en el tratamiento de sus datos personales. En este sentido, hemos actualizado nuestra pol\u00edtica de privacidad con el fin de informar claramente de c\u00f3mo recopilamos,&#8230;<\/p>\n","protected":false},"author":1,"featured_media":0,"parent":0,"menu_order":0,"comment_status":"closed","ping_status":"closed","template":"","meta":[],"_links":{"self":[{"href":"https:\/\/gresangas.com\/es\/wp-json\/wp\/v2\/pages\/404"}],"collection":[{"href":"https:\/\/gresangas.com\/es\/wp-json\/wp\/v2\/pages"}],"about":[{"href":"https:\/\/gresangas.com\/es\/wp-json\/wp\/v2\/types\/page"}],"author":[{"embeddable":true,"href":"https:\/\/gresangas.com\/es\/wp-json\/wp\/v2\/users\/1"}],"replies":[{"embeddable":true,"href":"https:\/\/gresangas.com\/es\/wp-json\/wp\/v2\/comments?post=404"}],"version-history":[{"count":4,"href":"https:\/\/gresangas.com\/es\/wp-json\/wp\/v2\/pages\/404\/revisions"}],"predecessor-version":[{"id":755,"href":"https:\/\/gresangas.com\/es\/wp-json\/wp\/v2\/pages\/404\/revisions\/755"}],"wp:attachment":[{"href":"https:\/\/gresangas.com\/es\/wp-json\/wp\/v2\/media?parent=404"}],"curies":[{"name":"wp","href":"https:\/\/api.w.org\/{rel}","templated":true}]}}