{"id":129,"date":"2018-03-26T14:54:58","date_gmt":"2018-03-26T12:54:58","guid":{"rendered":"http:\/\/bridge202.qodeinteractive.com\/?page_id=129"},"modified":"2021-10-09T08:52:19","modified_gmt":"2021-10-09T06:52:19","slug":"quienes-somos","status":"publish","type":"page","link":"https:\/\/gresangas.com\/es\/quienes-somos\/","title":{"rendered":"QUI\u00c9NES SOMOS"},"content":{"rendered":"<p>[vc_row css_animation=&#8221;element_from_fade&#8221; row_type=&#8221;row&#8221; use_row_as_full_screen_section=&#8221;no&#8221; type=&#8221;grid&#8221; angled_section=&#8221;no&#8221; text_align=&#8221;left&#8221; background_image_as_pattern=&#8221;without_pattern&#8221; css=&#8221;.vc_custom_1583358182868{border-top-width: 8% !important;border-bottom-width: 8% !important;padding-top: 8% !important;padding-bottom: 8% !important;}&#8221; z_index=&#8221;&#8221;][vc_column css_animation=&#8221;fadeInLeft&#8221; offset=&#8221;vc_col-lg-offset-0 vc_col-lg-6 vc_col-md-offset-0 vc_col-md-6 vc_col-sm-offset-0 vc_col-xs-12&#8243;][vc_single_image image=&#8221;518&#8243; img_size=&#8221;full&#8221; qode_css_animation=&#8221;&#8221;][\/vc_column][vc_column css_animation=&#8221;fadeInDown&#8221; offset=&#8221;vc_col-lg-offset-0 vc_col-lg-6 vc_col-md-offset-0 vc_col-md-6 vc_col-sm-offset-0 vc_col-xs-12&#8243; css=&#8221;.vc_custom_1583310766574{border-top-width: 10% !important;border-bottom-width: 10% !important;padding-top: 10% !important;padding-bottom: 10% !important;}&#8221;][vc_column_text]<\/p>\n<h5><span style=\"color: #ce142c;\">GRESANGAS SL.<\/span><\/h5>\n<p>[\/vc_column_text][vc_empty_space height=&#8221;13px&#8221;][vc_column_text]Somos una empresa creada en 1988, esforz\u00e1ndonos desde el primer d\u00eda en poner a su disposici\u00f3n un cat\u00e1logo lo m\u00e1s amplio posible en el que se incluyan las mejores marcas y productos a precios competitivos y razonables. Adem\u00e1s, le asesoramos para que realice sus proyectos de principio a fin haciendo las instalaciones lo m\u00e1s eficientes posible.<\/p>\n<p>&nbsp;<\/p>\n<p>30 a\u00f1os de experiencia en el sector nos otorgan un gran conocimiento de productos existentes en el mercado al mejor precio.[\/vc_column_text][vc_empty_space height=&#8221;46px&#8221;]<a  itemprop=\"url\" href=\"https:\/\/gresangas.com\/?page_id=227&amp;lang=es\" target=\"_self\"  class=\"qbutton  big_large default\" style=\"\">CONTACTA<\/a>[\/vc_column][\/vc_row][vc_row css_animation=&#8221;element_from_right&#8221; row_type=&#8221;row&#8221; use_row_as_full_screen_section=&#8221;no&#8221; type=&#8221;grid&#8221; angled_section=&#8221;no&#8221; text_align=&#8221;left&#8221; background_image_as_pattern=&#8221;without_pattern&#8221; css=&#8221;.vc_custom_1583358211553{border-top-width: 8% !important;border-bottom-width: 8% !important;padding-top: 8% !important;padding-bottom: 8% !important;background-color: #f0f0f0 !important;}&#8221; z_index=&#8221;&#8221;][vc_column css_animation=&#8221;fadeInDown&#8221; offset=&#8221;vc_col-lg-offset-0 vc_col-lg-6 vc_col-md-offset-0 vc_col-md-6 vc_col-sm-offset-0 vc_col-xs-12&#8243; css=&#8221;.vc_custom_1586272500185{border-top-width: 10% !important;}&#8221;][vc_column_text]<\/p>\n<h1><span style=\"color: #ce142c;\">OBJETIVOS<\/span><\/h1>\n<p>[\/vc_column_text][vc_empty_space height=&#8221;12px&#8221;][vc_column_text]<b>Nuestro principal objetivo<\/b> es hacer m\u00e1s f\u00e1cil sus proyectos en cuanto a instalaciones de gas, calefacci\u00f3n, climatizaci\u00f3n y fontaner\u00eda se refiere, poniendo todas las herramientas que tenemos a nuestro alcance, y ofreciendo grandes niveles de calidad y exigencia.<\/p>\n<p>&nbsp;<\/p>\n<p>Ya sabe, si necesita ayuda para realizar sus instalaciones, conf\u00ede en los profesionales del sector. Conf\u00ede en GRESANGAS.[\/vc_column_text][\/vc_column][vc_column css_animation=&#8221;fadeInRight&#8221; css=&#8221;.vc_custom_1583310820958{background-position: center !important;background-repeat: no-repeat !important;background-size: cover !important;}&#8221; offset=&#8221;vc_col-lg-offset-0 vc_col-lg-6 vc_col-md-offset-0 vc_col-md-6 vc_col-sm-offset-0 vc_col-xs-12&#8243;][vc_single_image image=&#8221;984&#8243; img_size=&#8221;full&#8221; qode_css_animation=&#8221;&#8221;][\/vc_column][\/vc_row]<\/p>","protected":false},"excerpt":{"rendered":"<p>[vc_row css_animation=&#8221;element_from_fade&#8221; row_type=&#8221;row&#8221; use_row_as_full_screen_section=&#8221;no&#8221; type=&#8221;grid&#8221; angled_section=&#8221;no&#8221; text_align=&#8221;left&#8221; background_image_as_pattern=&#8221;without_pattern&#8221; css=&#8221;.vc_custom_1583358182868{border-top-width: 8% !important;border-bottom-width: 8% !important;padding-top: 8% !important;padding-bottom: 8% !important;}&#8221; z_index=&#8221;&#8221;][vc_column css_animation=&#8221;fadeInLeft&#8221; offset=&#8221;vc_col-lg-offset-0 vc_col-lg-6 vc_col-md-offset-0 vc_col-md-6 vc_col-sm-offset-0 vc_col-xs-12&#8243;][vc_single_image image=&#8221;518&#8243; img_size=&#8221;full&#8221; qode_css_animation=&#8221;&#8221;][\/vc_column][vc_column css_animation=&#8221;fadeInDown&#8221; offset=&#8221;vc_col-lg-offset-0 vc_col-lg-6 vc_col-md-offset-0 vc_col-md-6 vc_col-sm-offset-0 vc_col-xs-12&#8243; css=&#8221;.vc_custom_1583310766574{border-top-width: 10% !important;border-bottom-width: 10% !important;padding-top: 10% !important;padding-bottom: 10% !important;}&#8221;][vc_column_text] GRESANGAS&#8230;<\/p>\n","protected":false},"author":1,"featured_media":0,"parent":0,"menu_order":0,"comment_status":"closed","ping_status":"closed","template":"full_width.php","meta":[],"_links":{"self":[{"href":"https:\/\/gresangas.com\/es\/wp-json\/wp\/v2\/pages\/129"}],"collection":[{"href":"https:\/\/gresangas.com\/es\/wp-json\/wp\/v2\/pages"}],"about":[{"href":"https:\/\/gresangas.com\/es\/wp-json\/wp\/v2\/types\/page"}],"author":[{"embeddable":true,"href":"https:\/\/gresangas.com\/es\/wp-json\/wp\/v2\/users\/1"}],"replies":[{"embeddable":true,"href":"https:\/\/gresangas.com\/es\/wp-json\/wp\/v2\/comments?post=129"}],"version-history":[{"count":44,"href":"https:\/\/gresangas.com\/es\/wp-json\/wp\/v2\/pages\/129\/revisions"}],"predecessor-version":[{"id":1244,"href":"https:\/\/gresangas.com\/es\/wp-json\/wp\/v2\/pages\/129\/revisions\/1244"}],"wp:attachment":[{"href":"https:\/\/gresangas.com\/es\/wp-json\/wp\/v2\/media?parent=129"}],"curies":[{"name":"wp","href":"https:\/\/api.w.org\/{rel}","templated":true}]}}